{"id":3,"date":"2025-03-14T20:30:04","date_gmt":"2025-03-14T20:30:04","guid":{"rendered":"https:\/\/capacitacionespecializada.com\/?page_id=3"},"modified":"2025-10-23T22:00:20","modified_gmt":"2025-10-23T22:00:20","slug":"privacy-policy","status":"publish","type":"page","link":"https:\/\/capacitacionespecializada.com\/?page_id=3","title":{"rendered":""},"content":{"rendered":"\t\t<div data-elementor-type=\"wp-page\" data-elementor-id=\"3\" class=\"elementor elementor-3\" data-elementor-post-type=\"page\">\n\t\t\t\t<div class=\"elementor-element elementor-element-b236b6b e-flex e-con-boxed e-con e-parent\" data-id=\"b236b6b\" data-element_type=\"container\">\n\t\t\t\t\t<div class=\"e-con-inner\">\n\t\t\t\t<div class=\"elementor-element elementor-element-7d6f002 elementor-widget elementor-widget-spacer\" data-id=\"7d6f002\" data-element_type=\"widget\" data-widget_type=\"spacer.default\">\n\t\t\t\t<div class=\"elementor-widget-container\">\n\t\t\t\t\t\t\t<div class=\"elementor-spacer\">\n\t\t\t<div class=\"elementor-spacer-inner\"><\/div>\n\t\t<\/div>\n\t\t\t\t\t\t<\/div>\n\t\t\t\t<\/div>\n\t\t\r\n        \r\n \t\t<div class=\"elementor-element elementor-element-4e405544 elementor-widget elementor-widget-text-editor\" data-id=\"4e405544\" data-element_type=\"widget\" data-widget_type=\"text-editor.default\">\n\t\t\t\t<div class=\"elementor-widget-container\">\n\t\t\t\t\t\t\t\t\t<p>AVISO DE PRIVACIDAD<br \/>La naturaleza de nuestros servicios de capacitaci\u00f3n requiere que recabemos datos personales de contactos de negocio, asistentes a nuestras presentaciones, clientes, socios estrat\u00e9gicos, por lo que hacemos de su conocimiento nuestro aviso de privacidad:<br \/>Identidad del responsable<\/p><p>PROMOTORES DE CAPACITACION ESPECIALIZADA, S.C., con domicilio en la ciudad de Guadalajara, Jalisco y n\u00famero de tel\u00e9fono 33 1374 0606 y portal de internet www.capacitacionespecializada.com, es responsable de recabar sus datos personales, del uso que se le d\u00e9 a los mismos y de su protecci\u00f3n.<\/p><p>\u00bfPara qu\u00e9 fines utilizamos sus datos personales?<\/p><p>Recabamos sus datos para las siguientes finalidades primarias:<br \/>\u2022 identificaci\u00f3n del titular,<br \/>\u2022 dar cumplimiento y seguimiento a nuestras relaciones de negocios,<br \/>\u2022 informarle sobre actividades y eventos,<br \/>\u2022 compartir boletines y actualizaciones electr\u00f3nicas,<br \/>\u2022 evaluaci\u00f3n o diagn\u00f3sticos y alternativas de servicios;<br \/>\u2022 notificarle sobre nuevos servicios o productos que tengan relaci\u00f3n con los ya contratados o adquiridos y publicidad,<br \/>\u2022 para dar cumplimiento a las obligaciones que hemos contra\u00eddo contigo o a nuestro contrato de prestaci\u00f3n de servicios,<br \/>\u2022 elaboraci\u00f3n de estudios y estad\u00edsticas;<br \/>\u2022 facturaci\u00f3n y cobranza por servicios;<br \/>\u2022 Enviarle notificaciones de cambios a este aviso de privacidad.<\/p><p>\u00bfQu\u00e9 datos personales utilizaremos para estos fines?<\/p><p>Para llevar a cabo las finalidades descritas utilizaremos los siguientes datos personales, que usted nos proporcion\u00f3 de manera voluntaria a trav\u00e9s del tel\u00e9fono, correo electr\u00f3nico o tarjeta de presentaci\u00f3n en eventos del sector, registro de algunas aplicaciones en nuestras p\u00e1ginas de Internet, formatos de suscripci\u00f3n a cualquiera de nuestros medios, registro e inscripci\u00f3n a los eventos que realizamos, o que recabamos de manera directa a trav\u00e9s de p\u00e1ginas web o en redes sociales que nos haya compartido:<br \/>\u2022 Datos de identificaci\u00f3n (nombre, sexo, direcci\u00f3n, RFC, CURP)<br \/>\u2022 Datos de contacto (tel\u00e9fono fijo, tel\u00e9fono celular, correo electr\u00f3nico, ID Facebook, Twitter y LinkedIn<br \/>\u2022 Si es agente de seguros, su c\u00e9dula expedida por la CNSF<br \/>No utilizaremos datos personales de car\u00e1cter sensible.<\/p><p>Capacitaci\u00f3n Especializada se compromete a tomar todas las medidas de seguridad para resguardar de manera segura su informaci\u00f3n, pero debemos advertirle de riesgos cuando esta informaci\u00f3n se transmite a trav\u00e9s de Internet.<\/p><p>\u00bfCon qui\u00e9n compartimos su informaci\u00f3n personal y para qu\u00e9 fines?<\/p><p>Capacitaci\u00f3n Especializada no comercializa, intercambia o regala sus bases de datos a terceras personas. Sin embargo, el titular autoriza se compartan sus datos personales en los siguientes casos:<br \/>a) Cuando dicha transferencia de informaci\u00f3n se efectu\u00e9 con terceros para dar cumplimiento a los servicios o gestiones u obligaciones pactadas con el Titular.<br \/>b) En los casos que lo exija la Ley, o la procuraci\u00f3n o administraci\u00f3n de justicia.<br \/>c) Cuando el titular de dicha informaci\u00f3n otorgue su consentimiento de manera expresa.<\/p><p>As\u00ed tambi\u00e9n le informamos que sus datos personales podr\u00e1n ser compartidos dentro del pa\u00eds con asociaciones de agentes o sociedades especializadas en seguros y fianzas, institutos y colegios de capacitaci\u00f3n de agentes o promotores, a agencias promotoras de seguros y de fianzas adscritas a Instituciones de Seguros o Instituciones de Fianzas, as\u00ed como a empresas del ramo asegurador y afianzador, como parte del objeto o desarrollo de nuestros servicios.<\/p><p>Derechos ARCO<br \/>Usted tiene derecho a conocer qu\u00e9 datos personales utilizamos, para qu\u00e9 los utilizamos y las condiciones del uso que les damos (Acceso). Asimismo, a solicitar la correcci\u00f3n de tu informaci\u00f3n personal en caso de que est\u00e9 desactualizada, sea inexacta o incompleta (Rectificaci\u00f3n); que la eliminemos de nuestros registros o bases de datos cuando sea procedente en t\u00e9rminos legales (Cancelaci\u00f3n); as\u00ed como oponerte al uso de tus datos personales para fines espec\u00edficos (Oposici\u00f3n). Estos derechos se conocen como derechos ARCO.<br \/>Tambi\u00e9n puede o a revocar el consentimiento que nos haya otorgado para el tratamiento de sus datos.<\/p><p>\u00bfC\u00f3mo puede ejercer sus Derechos ARCO, revocar el consentimiento o limitar el uso o divulgaci\u00f3n de sus datos?<\/p><p>Los mecanismos que se han implementado para que usted ejerza sus derechos ARCO, para revocar el consentimiento que nos haya otorgado para el tratamiento de sus datos, o limitar su uso y divulgaci\u00f3n en los t\u00e9rminos que marca la Ley Federal de Protecci\u00f3n de Datos Personales en Posesi\u00f3n de los Particulares (en lo sucesivo LFPDPPP), requieren que usted realice el siguiente procedimiento:<br \/>a) Env\u00ede su solicitud v\u00eda correo electr\u00f3nico a: informacion@capacitacionespecializada.com, el cual solicitamos confirme v\u00eda telef\u00f3nica al n\u00famero indicado al inicio de este aviso para garantizar su correcta recepci\u00f3n. Dicha solicitud debe contener y acompa\u00f1arse de lo siguiente:<br \/>I.- Nombre del titular de los datos y domicilio, correo electr\u00f3nico u otro medio para comunicarle la respuesta a su solicitud.<br \/>II.- Documentos que acrediten su identidad o Identificaci\u00f3n oficial o documento con el que se acredite la representaci\u00f3n del Titular.<br \/>III.- Descripci\u00f3n clara y precisa de la informaci\u00f3n respecto de la cual se solicite el acceso, rectificaci\u00f3n, oposici\u00f3n o cancelaci\u00f3n, seg\u00fan sea el caso.<br \/>IV.- En caso de solicitudes de rectificaci\u00f3n, acompa\u00f1ar la documentaci\u00f3n que sustente su petici\u00f3n.<br \/>V.- Cualquier otro elemento o documento que facilite la localizaci\u00f3n de los datos personales.<\/p><p>b) Capacitaci\u00f3n Especializada dar\u00e1 respuesta en un plazo m\u00e1ximo de 20 d\u00edas y de resultar procedente conforme a la LFPDPPP, se har\u00e1 efectiva dentro de los 15 d\u00edas siguientes a la fecha en que se comunique la respuesta.<br \/>c) Trat\u00e1ndose de solicitudes de acceso proceder\u00e1 la entrega mediante cualquier medio f\u00edsico o electr\u00f3nico, previa acreditaci\u00f3n de la identidad del solicitante o representante legal, seg\u00fan corresponda, con los documentos originales para su cotejo.<br \/>d) La entrega de los datos ser\u00e1 gratuita, debiendo el titular cubrir \u00fanicamente los gastos justificados de env\u00edo o el costo de reproducci\u00f3n de copias u otros formatos.<br \/>Los plazos antes referidos podr\u00e1n ser ampliados una sola vez, por un periodo igual, siempre y cuando as\u00ed lo justifiquen las circunstancias del caso.<br \/>Es importante que tenga en cuenta que es posible que por alguna obligaci\u00f3n legal en algunos casos requiramos seguir tratando sus datos personales. Asimismo, usted deber\u00e1 considerar que, para ciertos fines, la revocaci\u00f3n de su consentimiento implicar\u00e1 que no le podamos seguir prestando el servicio que nos solicit\u00f3, o la conclusi\u00f3n de su relaci\u00f3n con nosotros.<br \/>En caso de que no desee de recibir mensajes promocionales de nuestra parte, puede enviarnos su solicitud por medio de la direcci\u00f3n electr\u00f3nica: informacion@capacitacionespecializada.com<\/p><p>\u00bfC\u00f3mo puede conocer los cambios en este aviso de privacidad?<\/p><p>El presente aviso de privacidad puede sufrir modificaciones, cambios o actualizaciones derivadas de nuevos requerimientos legales; de nuestras propias necesidades por los productos o servicios que ofrecemos; de nuestras pr\u00e1cticas de privacidad; de cambios en nuestro modelo de negocio, o por otras causas. Nos comprometemos a mantenerlo informado sobre los cambios o actualizaciones que pueda sufrir el presente aviso de privacidad, a trav\u00e9s de: p\u00e1gina web: www.capacitacionespecializada.com [secci\u00f3n aviso de privacidad]<\/p><p>Cookies<br \/>La cookie es una breve informaci\u00f3n que el portal de internet env\u00eda a tu computadora, la cual queda almacenada en el disco duro la pr\u00f3xima vez que ingreses a nuestro portal, as\u00ed podremos usar la informaci\u00f3n almacenada en la cookie para facilitarte el uso de nuestro sitio de internet. Las cookies expiran despu\u00e9s de un periodo determinado de tiempo, o bien las puedes borrar en el momento que lo desees siguiendo las instrucciones de tu navegador de internet. Asimismo, puedes hacer que tu navegador te avise cuando recibes una cookie de manera que puedas aceptarlas o rechazarlas siguiendo las instrucciones de tu navegador de internet.<\/p><p>Su consentimiento para el tratamiento de sus datos personales<\/p><p>Si este aviso de privacidad no se te da a conocer de manera directa o personal, tienes un plazo de 5 d\u00edas h\u00e1biles para oponerte al tratamiento y transferencia de tus datos, utilizando los mismos medios mencionados anteriormente en este aviso.<\/p><p>Se entender\u00e1 que el Titular consiente t\u00e1citamente el tratamiento de su informaci\u00f3n personal en los t\u00e9rminos indicados en el presente Aviso de Privacidad si no manifiesta su oposici\u00f3n al mismo en los t\u00e9rminos indicados con anterioridad. Para m\u00e1s informaci\u00f3n usted puede enviar un correo electr\u00f3nico a: informacion@capacitacionespecializada.com<\/p><p>Glosario<\/p><p>Para efectos de este aviso de privacidad, los t\u00e9rminos mencionados tienen el significado que se les atribuye conforme a las definiciones legales que se describen a continuaci\u00f3n:<br \/>Capacitaci\u00f3n Especializada: Promotores de Capacitaci\u00f3n Especializada, S.C.,<br \/>LFPDPPP: Ley Federal de Protecci\u00f3n de Datos Personales en Posesi\u00f3n de los Particulares<br \/>Titular. La persona f\u00edsica a quien corresponden los datos personales.<br \/>Tratamiento. La obtenci\u00f3n, uso, divulgaci\u00f3n o almacenamiento de datos personales por cualquier medio. El uso abarca cualquier acci\u00f3n de acceso o manejo de datos personales.<br \/>Responsable. Capacitaci\u00f3n Especializada es quien decide sobre el tratamiento de los datos personales.<br \/>Transferencia. Toda comunicaci\u00f3n de datos realizada a persona distinta de Capacitaci\u00f3n Especializada o encargado del tratamiento, indicados en los t\u00e9rminos de este aviso.<\/p><p>\u00daltima actualizaci\u00f3n: Noviembre.2023<\/p>\t\t\t\t\t\t\t\t<\/div>\n\t\t\t\t<\/div>\n\t\t\t\t\t<\/div>\n\t\t\t\t<\/div>\n\t\t<div class=\"elementor-element elementor-element-40bfaa8 e-flex e-con-boxed e-con e-parent\" data-id=\"40bfaa8\" data-element_type=\"container\">\n\t\t\t\t\t<div class=\"e-con-inner\">\n\t\t\t\t\t<\/div>\n\t\t\t\t<\/div>\n\t\t\t\t<\/div>\n\t\t","protected":false},"excerpt":{"rendered":"<p>AVISO DE PRIVACIDADLa naturaleza de nuestros servicios de capacitaci\u00f3n requiere que recabemos datos personales de contactos de negocio, asistentes a nuestras presentaciones, clientes, socios estrat\u00e9gicos, por lo que hacemos de su conocimiento nuestro aviso de privacidad:Identidad del responsable PROMOTORES DE CAPACITACION ESPECIALIZADA, S.C., con domicilio en la ciudad de Guadalajara, Jalisco y n\u00famero de tel\u00e9fono [&hellip;]<\/p>\n","protected":false},"author":1,"featured_media":0,"parent":0,"menu_order":0,"comment_status":"closed","ping_status":"open","template":"","meta":{"footnotes":""},"class_list":["post-3","page","type-page","status-publish","hentry"],"_links":{"self":[{"href":"https:\/\/capacitacionespecializada.com\/index.php?rest_route=\/wp\/v2\/pages\/3","targetHints":{"allow":["GET"]}}],"collection":[{"href":"https:\/\/capacitacionespecializada.com\/index.php?rest_route=\/wp\/v2\/pages"}],"about":[{"href":"https:\/\/capacitacionespecializada.com\/index.php?rest_route=\/wp\/v2\/types\/page"}],"author":[{"embeddable":true,"href":"https:\/\/capacitacionespecializada.com\/index.php?rest_route=\/wp\/v2\/users\/1"}],"replies":[{"embeddable":true,"href":"https:\/\/capacitacionespecializada.com\/index.php?rest_route=%2Fwp%2Fv2%2Fcomments&post=3"}],"version-history":[{"count":14,"href":"https:\/\/capacitacionespecializada.com\/index.php?rest_route=\/wp\/v2\/pages\/3\/revisions"}],"predecessor-version":[{"id":653,"href":"https:\/\/capacitacionespecializada.com\/index.php?rest_route=\/wp\/v2\/pages\/3\/revisions\/653"}],"wp:attachment":[{"href":"https:\/\/capacitacionespecializada.com\/index.php?rest_route=%2Fwp%2Fv2%2Fmedia&parent=3"}],"curies":[{"name":"wp","href":"https:\/\/api.w.org\/{rel}","templated":true}]}}