{"id":462,"date":"2025-08-28T22:44:57","date_gmt":"2025-08-28T22:44:57","guid":{"rendered":"https:\/\/capacitacionespecializada.com\/?page_id=462"},"modified":"2025-10-23T23:15:06","modified_gmt":"2025-10-23T23:15:06","slug":"es-tu-momento","status":"publish","type":"page","link":"https:\/\/capacitacionespecializada.com\/?page_id=462","title":{"rendered":"Es tu momento"},"content":{"rendered":"\t\t<div data-elementor-type=\"wp-page\" data-elementor-id=\"462\" class=\"elementor elementor-462\" data-elementor-post-type=\"page\">\n\t\t\t\t<div class=\"elementor-element elementor-element-1d4146e1 e-flex e-con-boxed e-con e-parent\" data-id=\"1d4146e1\" data-element_type=\"container\">\n\t\t\t\t\t<div class=\"e-con-inner\">\n\t\t\t\t<div class=\"elementor-element elementor-element-2be4fdb elementor-widget elementor-widget-spacer\" data-id=\"2be4fdb\" data-element_type=\"widget\" data-widget_type=\"spacer.default\">\n\t\t\t\t<div class=\"elementor-widget-container\">\n\t\t\t\t\t\t\t<div class=\"elementor-spacer\">\n\t\t\t<div class=\"elementor-spacer-inner\"><\/div>\n\t\t<\/div>\n\t\t\t\t\t\t<\/div>\n\t\t\t\t<\/div>\n\t\t\t\t<div class=\"elementor-element elementor-element-5a727fd elementor-widget elementor-widget-html\" data-id=\"5a727fd\" data-element_type=\"widget\" data-widget_type=\"html.default\">\n\t\t\t\t<div class=\"elementor-widget-container\">\n\t\t\t\t\t<!DOCTYPE html>\r\n<html lang=\"es\">\r\n<head>\r\n    <meta charset=\"UTF-8\">\r\n    <meta name=\"viewport\" content=\"width=device-width, initial-scale=1.0\">\r\n    <title>Es Tu Momento - Capacitaci\u00f3n Especializada<\/title>\r\n    \r\n    <!-- Google Fonts -->\r\n    <link href=\"https:\/\/fonts.googleapis.com\/css2?family=Inter:wght@300;400;500;600;700;800&display=swap\" rel=\"stylesheet\">\r\n    <link href=\"https:\/\/fonts.googleapis.com\/css2?family=Playfair+Display:wght@400;500;600;700&display=swap\" rel=\"stylesheet\">\r\n    \r\n    <!-- Font Awesome -->\r\n    <link rel=\"stylesheet\" href=\"https:\/\/cdnjs.cloudflare.com\/ajax\/libs\/font-awesome\/6.4.0\/css\/all.min.css\">\r\n    \r\n    <style>\r\n        :root {\r\n            --primary-color: #1a365d;\r\n            --secondary-color: #2c5282;\r\n            --accent-color: #3182ce;\r\n            --success-color: #38a169;\r\n            --text-primary: #2d3748;\r\n            --text-secondary: #4a5568;\r\n            --text-light: #718096;\r\n            --bg-primary: #ffffff;\r\n            --bg-secondary: #f7fafc;\r\n            --bg-accent: #edf2f7;\r\n            --border-color: #e2e8f0;\r\n            --shadow-light: 0 1px 3px 0 rgba(0, 0, 0, 0.1), 0 1px 2px 0 rgba(0, 0, 0, 0.06);\r\n            --shadow-medium: 0 4px 6px -1px rgba(0, 0, 0, 0.1), 0 2px 4px -1px rgba(0, 0, 0, 0.06);\r\n            --shadow-heavy: 0 10px 15px -3px rgba(0, 0, 0, 0.1), 0 4px 6px -2px rgba(0, 0, 0, 0.05);\r\n        }\r\n\r\n        * {\r\n            margin: 0;\r\n            padding: 0;\r\n            box-sizing: border-box;\r\n        }\r\n\r\n        body {\r\n            font-family: 'Inter', -apple-system, BlinkMacSystemFont, 'Segoe UI', Roboto, sans-serif;\r\n            color: var(--text-primary);\r\n            line-height: 1.6;\r\n            background-color: var(--bg-primary);\r\n        }\r\n\r\n        .container {\r\n            max-width: 1200px;\r\n            margin: 0 auto;\r\n            padding: 0 1.5rem;\r\n            position: relative;\r\n            z-index: 1;\r\n        }\r\n\r\n        \/* Hero Section *\/\r\n        .hero-section {\r\n            background: linear-gradient(135deg, var(--bg-secondary) 0%, var(--bg-primary) 100%);\r\n            padding: 6rem 0;\r\n            text-align: center;\r\n            position: relative;\r\n        }\r\n\r\n        .aliados-logos {\r\n            display: flex;\r\n            justify-content: center;\r\n            align-items: center;\r\n            gap: 2rem;\r\n            margin-top: -3rem;\r\n            margin-bottom: 2.5rem;\r\n            position: relative;\r\n            z-index: 0;\r\n        }\r\n\r\n        .aliados-logos img {\r\n            max-height: 80px;\r\n            width: auto;\r\n        }\r\n\r\n        .hero-logo {\r\n            max-width: 500px;\r\n            width: 100%;\r\n            height: auto;\r\n            margin-bottom: 0.3rem;\r\n            position: relative;\r\n            z-index: 1;\r\n        }\r\n\r\n        .hero-content {\r\n            position: relative;\r\n            z-index: 1;\r\n        }\r\n\r\n        .hero-content .subtitle {\r\n            font-size: 1.5rem;\r\n            color: var(--text-secondary);\r\n            max-width: 800px;\r\n            margin: 0 auto 3rem;\r\n        }\r\n\r\n        .cta-button {\r\n            display: inline-block;\r\n            background: linear-gradient(135deg, var(--accent-color), var(--secondary-color));\r\n            color: white;\r\n            padding: 1.8rem 5rem;\r\n            border-radius: 50px;\r\n            text-decoration: none;\r\n            font-weight: 600;\r\n            font-size: 1.4rem;\r\n            transition: all 0.3s ease;\r\n            box-shadow: var(--shadow-medium);\r\n            position: relative;\r\n            overflow: hidden;\r\n        }\r\n\r\n        .cta-button::before {\r\n            content: '';\r\n            position: absolute;\r\n            top: 0;\r\n            left: -100%;\r\n            width: 100%;\r\n            height: 100%;\r\n            background: linear-gradient(90deg, transparent, rgba(255,255,255,0.2), transparent);\r\n            transition: left 0.5s;\r\n        }\r\n\r\n        .cta-button:hover::before {\r\n            left: 100%;\r\n        }\r\n\r\n        .cta-button:hover {\r\n            transform: translateY(-3px);\r\n            box-shadow: var(--shadow-heavy);\r\n        }\r\n\r\n        \/* Benefits Section *\/\r\n        .benefits-section {\r\n            padding: 5rem 0;\r\n            background-color: var(--bg-primary);\r\n        }\r\n\r\n        .section-title {\r\n            font-family: 'Playfair Display', serif;\r\n            font-size: 2.5rem;\r\n            font-weight: 600;\r\n            color: var(--primary-color);\r\n            text-align: center;\r\n            margin-bottom: 3rem;\r\n        }\r\n\r\n        .benefits-grid {\r\n            display: grid;\r\n            grid-template-columns: repeat(2, 1fr);\r\n            gap: 2rem;\r\n            margin-top: 3rem;\r\n        }\r\n\r\n        .benefit-card {\r\n            background: white;\r\n            border-radius: 16px;\r\n            padding: 2.5rem 2rem;\r\n            box-shadow: var(--shadow-light);\r\n            transition: all 0.3s ease;\r\n            border: 1px solid var(--border-color);\r\n            text-align: center;\r\n        }\r\n\r\n        .benefit-card:hover {\r\n            transform: translateY(-8px);\r\n            box-shadow: var(--shadow-heavy);\r\n        }\r\n\r\n        .benefit-logo {\r\n            max-width: 160px;\r\n            max-height: 100px;\r\n            width: auto;\r\n            height: auto;\r\n            margin: 0 auto 1.5rem;\r\n            display: block;\r\n            object-fit: contain;\r\n        }\r\n\r\n        .benefit-title {\r\n            font-size: 1.3rem;\r\n            font-weight: 600;\r\n            color: var(--primary-color);\r\n            margin-bottom: 1rem;\r\n        }\r\n\r\n        .benefit-description {\r\n            color: var(--text-secondary);\r\n            line-height: 1.6;\r\n        }\r\n\r\n        \/* Contact Section *\/\r\n        .contact-section {\r\n            padding: 5rem 0;\r\n            background: linear-gradient(135deg, var(--primary-color) 0%, var(--secondary-color) 100%);\r\n            color: white;\r\n            text-align: center;\r\n        }\r\n\r\n        .contact-logo {\r\n            max-width: 300px;\r\n            width: 100%;\r\n            height: auto;\r\n            margin: 0 auto 2rem;\r\n        }\r\n\r\n        .contact-content h3 {\r\n            font-family: 'Playfair Display', serif;\r\n            font-size: 2.5rem;\r\n            margin-bottom: 2rem;\r\n        }\r\n\r\n        .contact-info {\r\n            display: flex;\r\n            justify-content: center;\r\n            gap: 3rem;\r\n            flex-wrap: wrap;\r\n            margin-top: 2rem;\r\n        }\r\n\r\n        .contact-item {\r\n            display: flex;\r\n            align-items: center;\r\n            gap: 1rem;\r\n            font-size: 1.1rem;\r\n        }\r\n\r\n        .contact-item i {\r\n            font-size: 1.5rem;\r\n            color: var(--accent-color);\r\n        }\r\n\r\n        .contact-item a {\r\n            color: white;\r\n            text-decoration: none;\r\n            transition: all 0.3s ease;\r\n        }\r\n\r\n        .contact-item a:hover {\r\n            color: var(--accent-color);\r\n        }\r\n\r\n        \/* Responsive Design *\/\r\n        @media (max-width: 768px) {\r\n            .hero-logo {\r\n                max-width: 350px;\r\n            }\r\n            \r\n            .hero-content {\r\n            position: relative;\r\n            z-index: 1;\r\n        }\r\n\r\n        .hero-content .subtitle {\r\n                font-size: 1.2rem;\r\n            }\r\n            \r\n            .contact-info {\r\n                flex-direction: column;\r\n                gap: 1rem;\r\n            }\r\n            \r\n            .benefits-grid {\r\n                grid-template-columns: 1fr;\r\n            }\r\n            \r\n            .contact-logo {\r\n                max-width: 250px;\r\n            }\r\n            \r\n            .cta-button {\r\n                padding: 1.5rem 4rem;\r\n                font-size: 1.3rem;\r\n            }\r\n        }\r\n\r\n        \/* Animation *\/\r\n        .fade-in {\r\n            animation: fadeInUp 0.6s ease-out forwards;\r\n            opacity: 0;\r\n            transform: translateY(20px);\r\n        }\r\n\r\n        @keyframes fadeInUp {\r\n            to {\r\n                opacity: 1;\r\n                transform: translateY(0);\r\n            }\r\n        }\r\n    <\/style>\r\n<\/head>\r\n\r\n<body>\r\n    <!-- Hero Section -->\r\n    <section class=\"hero-section\">\r\n        <div class=\"container\">\r\n            <div class=\"hero-content fade-in\"><img decoding=\"async\" src=\"https:\/\/capacitacionespecializada.com\/wp-content\/uploads\/2025\/10\/Logotipo-Es-Tu-Momento-color.png\" alt=\"Es Tu Momento\" class=\"hero-logo\">\r\n                <div class=\"aliados-logos\">\r\n                    <img decoding=\"async\" src=\"https:\/\/capacitacionespecializada.com\/wp-content\/uploads\/2026\/02\/aliado-hoopis.jpg\" alt=\"HOOPIS\">\r\n                    <img decoding=\"async\" src=\"https:\/\/capacitacionespecializada.com\/wp-content\/uploads\/2026\/02\/aliado-cei.png\" alt=\"CEI\">\r\n                    <img decoding=\"async\" src=\"https:\/\/capacitacionespecializada.com\/wp-content\/uploads\/2026\/02\/aliado-saa.png\" alt=\"Soy Agente\">\r\n                    <img decoding=\"async\" src=\"https:\/\/capacitacionespecializada.com\/wp-content\/uploads\/2026\/02\/aliado-helios.png\" alt=\"Helios Herrera\">\r\n                <\/div>\r\n                <p class=\"subtitle\">Construye l\u00edderes, maximiza el potencial de tu equipo<\/p>\r\n                <p class=\"subtitle\">Es Tu Momento es la interacci\u00f3n de aliados para sistematizar y potenciar la atracci\u00f3n, arranque r\u00e1pido, retenci\u00f3n y desarrollo de agentes.<\/p>\r\n                <a href=\"https:\/\/capacitacionespecializada.com\/?page_id=658\" class=\"cta-button\">\r\n                    <i class=\"fas fa-play-circle\"><\/i> Apl\u00edcate este cuestionario y descubre si es tu momento para utilizar estas estrategias\r\n                <\/a>\r\n            <\/div>\r\n        <\/div>\r\n    <\/section>\r\n\r\n    <!-- Benefits Section -->\r\n    <section class=\"benefits-section\">\r\n        <div class=\"container\">\r\n            <h2 class=\"section-title fade-in\">\u00bfC\u00f3mo lo hacemos?<\/h2>\r\n            <div class=\"benefits-grid\">\r\n                <div class=\"benefit-card fade-in\">\r\n                    <img decoding=\"async\" src=\"https:\/\/capacitacionespecializada.com\/wp-content\/uploads\/2026\/04\/logo-hoopis.jpg\" alt=\"Hoopis Performance Network\" class=\"benefit-logo\">\r\n\r\n                    <p class=\"benefit-description\">Plataforma enfocada en formaci\u00f3n, evaluaci\u00f3n y desarrollo de talento, especialmente dise\u00f1ada para acelerar el crecimiento de equipos y l\u00edderes.<\/p>\r\n                <\/div>\r\n                \r\n                <div class=\"benefit-card fade-in\">\r\n                    <img decoding=\"async\" src=\"https:\/\/capacitacionespecializada.com\/wp-content\/uploads\/2026\/04\/logo-saa.png\" alt=\"Soy Agente Actualizado\" class=\"benefit-logo\">\r\n\r\n                    <p class=\"benefit-description\">Capacita, actualiza y prepara agentes de seguros para certificarse y crecer profesionalmente.<\/p>\r\n                <\/div>\r\n                \r\n                <div class=\"benefit-card fade-in\">\r\n                    <img decoding=\"async\" src=\"https:\/\/capacitacionespecializada.com\/wp-content\/uploads\/2026\/04\/logo-cei.png\" alt=\"CEI - Centro de Evaluaci\u00f3n para Intermediarios\" class=\"benefit-logo\">\r\n\r\n                    <p class=\"benefit-description\">Eval\u00faa y certifica competencias para validar la preparaci\u00f3n profesional de los agentes.<\/p>\r\n                <\/div>\r\n                \r\n                <div class=\"benefit-card fade-in\">\r\n                    <img decoding=\"async\" src=\"https:\/\/capacitacionespecializada.com\/wp-content\/uploads\/2026\/04\/logo-helios-herrera.png\" alt=\"Helios Herrera\" class=\"benefit-logo\">\r\n\r\n                    <p class=\"benefit-description\">Desarrolla habilidades, impulsa resultados y transforma equipos. Es un proceso de arranque r\u00e1pido.<\/p>\r\n                <\/div>\r\n            <\/div>\r\n        <\/div>\r\n    <\/section>\r\n\r\n    <!-- Contact Section -->\r\n    <section class=\"contact-section\">\r\n        <div class=\"container\">\r\n            <div class=\"contact-content fade-in\">\r\n                <img decoding=\"async\" src=\"https:\/\/capacitacionespecializada.com\/wp-content\/uploads\/2025\/10\/Logotipo-Es-Tu-Momento-blanco.png\" alt=\"Es Tu Momento\" class=\"contact-logo\">\r\n                <a href=\"https:\/\/capacitacionespecializada.com\/?page_id=658\" class=\"cta-button\">\r\n                    <i class=\"fas fa-play-circle\"><\/i> Apl\u00edcate este cuestionario y descubre si es tu momento para utilizar estas estrategias\r\n                <\/a>\r\n                <p>Contacta con nosotros y descubre c\u00f3mo podemos ayudarte a potenciar tu equipo<\/p>\r\n                <div class=\"contact-info\">\r\n                    <div class=\"contact-item\">\r\n                        <i class=\"fas fa-user\"><\/i>\r\n                        <span>Montserrat Padilla<\/span>\r\n                    <\/div>\r\n                    <div class=\"contact-item\">\r\n                        <i class=\"fas fa-envelope\"><\/i>\r\n                        <a href=\"mailto:montserrat.padilla@capacitacionespecializada.com\">montserrat.padilla@capacitacionespecializada.com<\/a>\r\n                    <\/div>\r\n                    <div class=\"contact-item\">\r\n                        <i class=\"fas fa-phone\"><\/i>\r\n                        <a href=\"tel:5588968877\">55 8896 8877<\/a>\r\n                    <\/div>\r\n                <\/div>\r\n            <\/div>\r\n        <\/div>\r\n    <\/section>\r\n\r\n    <script>\r\n        \/\/ Animate elements on scroll\r\n        document.addEventListener('DOMContentLoaded', function() {\r\n            const fadeElements = document.querySelectorAll('.fade-in');\r\n            \r\n            const observerOptions = {\r\n                threshold: 0.1,\r\n                rootMargin: '0px 0px -50px 0px'\r\n            };\r\n\r\n            const observer = new IntersectionObserver((entries) => {\r\n                entries.forEach(entry => {\r\n                    if (entry.isIntersecting) {\r\n                        entry.target.style.animationDelay = Math.random() * 0.3 + 's';\r\n                        entry.target.classList.add('fade-in');\r\n                    }\r\n                });\r\n            }, observerOptions);\r\n\r\n            fadeElements.forEach(element => {\r\n                observer.observe(element);\r\n            });\r\n        });\r\n    <\/script>\r\n<\/body>\r\n<\/html>\t\t\t\t<\/div>\n\t\t\t\t<\/div>\n\t\t\t\t<div class=\"elementor-element elementor-element-3ea6ec3 elementor-widget elementor-widget-spacer\" data-id=\"3ea6ec3\" data-element_type=\"widget\" data-widget_type=\"spacer.default\">\n\t\t\t\t<div class=\"elementor-widget-container\">\n\t\t\t\t\t\t\t<div class=\"elementor-spacer\">\n\t\t\t<div class=\"elementor-spacer-inner\"><\/div>\n\t\t<\/div>\n\t\t\t\t\t\t<\/div>\n\t\t\t\t<\/div>\n\t\t\t\t\t<\/div>\n\t\t\t\t<\/div>\n\t\t\t\t<\/div>\n\t\t","protected":false},"excerpt":{"rendered":"<p>Es Tu Momento &#8211; Capacitaci\u00f3n Especializada Construye l\u00edderes, maximiza el potencial de tu equipo Es Tu Momento es la interacci\u00f3n de aliados para sistematizar y potenciar la atracci\u00f3n, arranque r\u00e1pido, retenci\u00f3n y desarrollo de agentes. Apl\u00edcate este cuestionario y descubre si es tu momento para utilizar estas estrategias \u00bfC\u00f3mo lo hacemos? Plataforma enfocada en formaci\u00f3n, [&hellip;]<\/p>\n","protected":false},"author":1,"featured_media":0,"parent":0,"menu_order":0,"comment_status":"closed","ping_status":"closed","template":"elementor_header_footer","meta":{"footnotes":""},"class_list":["post-462","page","type-page","status-publish","hentry"],"_links":{"self":[{"href":"https:\/\/capacitacionespecializada.com\/index.php?rest_route=\/wp\/v2\/pages\/462","targetHints":{"allow":["GET"]}}],"collection":[{"href":"https:\/\/capacitacionespecializada.com\/index.php?rest_route=\/wp\/v2\/pages"}],"about":[{"href":"https:\/\/capacitacionespecializada.com\/index.php?rest_route=\/wp\/v2\/types\/page"}],"author":[{"embeddable":true,"href":"https:\/\/capacitacionespecializada.com\/index.php?rest_route=\/wp\/v2\/users\/1"}],"replies":[{"embeddable":true,"href":"https:\/\/capacitacionespecializada.com\/index.php?rest_route=%2Fwp%2Fv2%2Fcomments&post=462"}],"version-history":[{"count":11,"href":"https:\/\/capacitacionespecializada.com\/index.php?rest_route=\/wp\/v2\/pages\/462\/revisions"}],"predecessor-version":[{"id":669,"href":"https:\/\/capacitacionespecializada.com\/index.php?rest_route=\/wp\/v2\/pages\/462\/revisions\/669"}],"wp:attachment":[{"href":"https:\/\/capacitacionespecializada.com\/index.php?rest_route=%2Fwp%2Fv2%2Fmedia&parent=462"}],"curies":[{"name":"wp","href":"https:\/\/api.w.org\/{rel}","templated":true}]}}