{"id":562,"date":"2025-10-16T15:56:16","date_gmt":"2025-10-16T15:56:16","guid":{"rendered":"https:\/\/capacitacionespecializada.com\/?page_id=562"},"modified":"2025-10-23T22:01:42","modified_gmt":"2025-10-23T22:01:42","slug":"terminos-y-condiciones","status":"publish","type":"page","link":"https:\/\/capacitacionespecializada.com\/?page_id=562","title":{"rendered":""},"content":{"rendered":"\t\t<div data-elementor-type=\"wp-page\" data-elementor-id=\"562\" class=\"elementor elementor-562\" data-elementor-post-type=\"page\">\n\t\t\t\t<div class=\"elementor-element elementor-element-2b177f30 e-flex e-con-boxed e-con e-parent\" data-id=\"2b177f30\" data-element_type=\"container\">\n\t\t\t\t\t<div class=\"e-con-inner\">\n\t\t\t\t<div class=\"elementor-element elementor-element-897c0ae elementor-widget elementor-widget-spacer\" data-id=\"897c0ae\" data-element_type=\"widget\" data-widget_type=\"spacer.default\">\n\t\t\t\t<div class=\"elementor-widget-container\">\n\t\t\t\t\t\t\t<div class=\"elementor-spacer\">\n\t\t\t<div class=\"elementor-spacer-inner\"><\/div>\n\t\t<\/div>\n\t\t\t\t\t\t<\/div>\n\t\t\t\t<\/div>\n\t\t\t\t\t<\/div>\n\t\t\t\t<\/div>\n\t\t<div class=\"elementor-element elementor-element-37afa90 e-flex e-con-boxed e-con e-parent\" data-id=\"37afa90\" data-element_type=\"container\">\n\t\t\t\t\t<div class=\"e-con-inner\">\n\t\t\r\n        \r\n \t\t<div class=\"elementor-element elementor-element-bec023b elementor-widget elementor-widget-text-editor\" data-id=\"bec023b\" data-element_type=\"widget\" data-widget_type=\"text-editor.default\">\n\t\t\t\t<div class=\"elementor-widget-container\">\n\t\t\t\t\t\t\t\t\t<section class=\"elementor-section elementor-top-section elementor-element elementor-element-be7fd66 elementor-section-stretched elementor-section-boxed elementor-section-height-default elementor-section-height-default\" data-id=\"be7fd66\" data-element_type=\"section\" data-settings=\"{&quot;background_background&quot;:&quot;classic&quot;,&quot;stretch_section&quot;:&quot;section-stretched&quot;,&quot;tmea_shape_divider_top&quot;:&quot;none&quot;,&quot;tmea_shape_divider_bottom&quot;:&quot;none&quot;}\">\n<div class=\"elementor-container elementor-column-gap-default\">\n<div class=\"elementor-column elementor-col-100 elementor-top-column elementor-element elementor-element-be8048e\" data-id=\"be8048e\" data-element_type=\"column\">\n<div class=\"elementor-widget-wrap elementor-element-populated\">\n<div class=\"elementor-element elementor-element-be809cf elementor-widget elementor-widget-text-editor\" data-id=\"be809cf\" data-element_type=\"widget\" data-widget_type=\"text-editor.default\">\n<div class=\"elementor-widget-container\">\n<p><strong>T\u00c9RMINOS Y CONDICIONES DE USO DE LA P\u00c1GINA WEB<\/strong><\/p>\n<p>Los siguientes t\u00e9rminos y condiciones rigen el uso que Usted (\u201c<u>El Usuario<\/u>\u201d) le d\u00e9 a este sitio web y a cualquiera de los contenidos disponibles por o a trav\u00e9s de este sitio web, incluyendo cualquier contenido derivado del mismo. Promotores de Capacitaci\u00f3n Especializada, S.C. (\u201c<u>Capacitaci\u00f3n Especializada<\/u>\u201d) ha puesto a disposici\u00f3n el sitio web, as\u00ed como todo el contenido que forma parte de este. Los presentes t\u00e9rminos y condiciones pueden sufrir cualesquiera tipos de modificaciones en cualquier momento, sin necesidad de notificaci\u00f3n, s\u00f3lo publicando los cambios en el sitio web, cuya consulta ser\u00e1 responsabilidad \u00fanicamente de \u201cEL USUARIO\u201d. AL USAR EL SITIO WEB, USTED ACEPTA Y EST\u00c1 DE ACUERDO CON LOS PRESENTES T\u00c9RMINOS Y CONDICIONES, en caso contrario no podr\u00e1 tener acceso al mismo ni a su contenido de ninguna otra manera.<\/p>\n<p><strong><u>D E C L A R A C I O N E S<\/u><\/strong><\/p>\n<p>I.- Declara \u201cEl Usuario\u201d, por su propio derecho y bajo protesta de decir verdad, que:<\/p>\n<ol>\n<li>Es una persona mayor de edad con plena capacidad de goce y de ejercicio de sus derechos.<\/li>\n<li>Tiene inter\u00e9s en la consulta o descarga del material gratuito de esta p\u00e1gina web para su uso y provecho exclusivamente.<\/li>\n<\/ol>\n<p>II.- Declara \u201cCapacitaci\u00f3n Especializada\u201d, por conducto de su apoderado legal, y bajo protesta de decir verdad, que:<\/p>\n<ol>\n<li>Es una sociedad civil debidamente constituida conforme a las leyes mexicanas.<\/li>\n<li>Sus representantes legales cuentan con las facultades legales necesarias.<\/li>\n<li>Es voluntad poner a disposici\u00f3n del usuario el material did\u00e1ctico y sus actualizaciones electr\u00f3nicas, simuladores, mapas mentales, boletines, materiales de autoestudio, etc. sujeto a los siguientes t\u00e9rminos y condiciones:<\/li>\n<\/ol>\n<p>CONDICIONES DE USO<\/p>\n<p>PRIMERA. OBJETO \u201cEl Usuario\u201d acepta que \u201cCapacitaci\u00f3n Especializada\u201d ponga a su disposici\u00f3n diversos materiales a fin de que \u201cEl Usuario\u201d, elija y descargue lo que mejor le conviene.<\/p>\n<p>SEGUNDA. DESCARGA. \u2013 La descarga de los materiales es gratuita, a menos que se indique lo contrario en el cat\u00e1logo correspondiente, lo cual se informar\u00e1 previamente a la descarga.<\/p>\n<p>Mediante el uso, visita y\/o registro como usuario al portal web de \u201cCapacitaci\u00f3n Especializada\u201d, el usuario acepta los siguientes T\u00e9rminos y Condiciones y declara expresamente su consentimiento utilizando para tal efecto los medios electr\u00f3nicos, lo anterior de conformidad con lo dispuesto en al art\u00edculo 1803 del C\u00f3digo Civil Federal y el 93 del C\u00f3digo de Comercio; por lo que amablemente solicitamos lea y analice detenidamente lo se\u00f1alado en este documento.<\/p>\n<p>En caso de no aceptar en forma absoluta y completa los presentes T\u00e9rminos y Condiciones, el usuario deber\u00e1 abstenerse de acceder, utilizar o navegar en el Portal. En caso de que el usuario acceda, utilice, se registre o navegue en el Portal, se considerar\u00e1 como una absoluta y expresa aceptaci\u00f3n de los t\u00e9rminos y condiciones de uso aqu\u00ed estipulados.<\/p>\n<p>\u201cCapacitaci\u00f3n Especializada\u201d tendr\u00e1 el derecho a negar, restringir o condicionar al usuario total o parciamente el acceso al Portal, a entera discreci\u00f3n de \u201cCapacitaci\u00f3n Especializada\u201d, as\u00ed como modificar los Servicios y Contenidos del portal, en cualquier momento y sin necesidad de previo aviso.<\/p>\n<p>TERCERA. TRANSFERENCIA. \u2013 \u201cEl Usuario\u201d acepta al ingresar al portal web de \u201cCapacitaci\u00f3n Especializada\u201d y descargar los materiales gratuitos que sus datos de contacto podr\u00e1n ser transferidos a: asociaciones de agentes o sociedades especializadas en seguros y fianzas, institutos y colegios de capacitaci\u00f3n de agentes o promotores, a agencias promotoras de seguros y de fianzas adscritas a Instituciones de Seguros o Instituciones de Fianzas, as\u00ed como a empresas o sociedades de servicios para el ramo asegurador y afianzador, o personas f\u00edsicas o morales que nos brinden su patrocinio o que nos proporcionen los recursos o materiales para el desarrollo de nuestro objeto.<\/p>\n<p>CUARTA. RESPONSABILIDADES. \u2013 \u201cCapacitaci\u00f3n Especializada\u201d no se hace responsable del contenido de los materiales o del uso que se le d\u00e9 a los mismos por \u201cEl Usuario\u201d, por lo que, este \u00faltimo se obliga a indemnizar y a sacar en paz y a salvo a \u201cCapacitaci\u00f3n Especializada\u201d, incluyendo directores, funcionarios, empleados, etc. de cualquier demanda, responsabilidad, costos y gastos, de cualquier naturaleza, incluyendo honorarios de abogados, en que incurriera como resultado del uso indebido o ilegal del sitio web, o su incumplimiento o violaci\u00f3n de la ley o de los presentes t\u00e9rminos y condiciones.<\/p>\n<p>QUINTA. LICENCIA LIMITADA. \u2013 Usted puede acceder y ver el contenido del sitio web desde su computadora o desde cualquier otro aparato electr\u00f3nico, y a menos de que se indique de otra manera en estos t\u00e9rminos y condiciones o en el sitio web.<\/p>\n<p>SEXTA. USO PROHIBIDO. \u2013 \u201cEl Usuario\u201d reconoce que no adquiere ning\u00fan derecho de propiedad al descargar alg\u00fan material con derechos de autor de o a trav\u00e9s del sitio web, en caso contrario podr\u00eda ser sujeto a alg\u00fan tipo de responsabilidad legal por dicho uso indebido.<\/p>\n<p>S\u00c9PTIMA. JURISDICCI\u00d3N. \u2013 Para la interpretaci\u00f3n y cumplimiento de los presentes t\u00e9rminos y condiciones y todo lo no previsto en los mismos, las partes se someten expresamente la jurisdicci\u00f3n y legislaci\u00f3n vigente en el Ciudad de M\u00e9xico, renunciando expresamente a otro fuero que debido a su domicilio presente o futuro les pudiera corresponder.<\/p>\n<\/div>\n<\/div>\n<\/div>\n<\/div>\n<\/div>\n<\/section>\n<section class=\"elementor-section elementor-top-section elementor-element elementor-element-be8bd16 elementor-section-stretched elementor-section-boxed elementor-section-height-default elementor-section-height-default\" data-id=\"be8bd16\" data-element_type=\"section\" data-settings=\"{&quot;background_background&quot;:&quot;classic&quot;,&quot;stretch_section&quot;:&quot;section-stretched&quot;,&quot;tmea_shape_divider_top&quot;:&quot;none&quot;,&quot;tmea_shape_divider_bottom&quot;:&quot;none&quot;}\">\n<div class=\"elementor-container elementor-column-gap-default\">\n<div class=\"elementor-column elementor-col-100 elementor-top-column elementor-element elementor-element-be8c31f\" data-id=\"be8c31f\" data-element_type=\"column\">\n<div class=\"elementor-widget-wrap elementor-element-populated\">\n<div class=\"elementor-element elementor-element-be8c7ee elementor-widget elementor-widget-stm_multy_separator\" data-id=\"be8c7ee\" data-element_type=\"widget\" data-widget_type=\"stm_multy_separator.default\">\n<div class=\"elementor-widget-container\">\u00a0<\/div>\n<\/div>\n<\/div>\n<\/div>\n<\/div>\n<\/section>\t\t\t\t\t\t\t\t<\/div>\n\t\t\t\t<\/div>\n\t\t\t\t\t<\/div>\n\t\t\t\t<\/div>\n\t\t\t\t<\/div>\n\t\t","protected":false},"excerpt":{"rendered":"<p>T\u00c9RMINOS Y CONDICIONES DE USO DE LA P\u00c1GINA WEB Los siguientes t\u00e9rminos y condiciones rigen el uso que Usted (\u201cEl Usuario\u201d) le d\u00e9 a este sitio web y a cualquiera de los contenidos disponibles por o a trav\u00e9s de este sitio web, incluyendo cualquier contenido derivado del mismo. Promotores de Capacitaci\u00f3n Especializada, S.C. (\u201cCapacitaci\u00f3n Especializada\u201d) [&hellip;]<\/p>\n","protected":false},"author":1,"featured_media":0,"parent":0,"menu_order":0,"comment_status":"closed","ping_status":"closed","template":"","meta":{"footnotes":""},"class_list":["post-562","page","type-page","status-publish","hentry"],"_links":{"self":[{"href":"https:\/\/capacitacionespecializada.com\/index.php?rest_route=\/wp\/v2\/pages\/562","targetHints":{"allow":["GET"]}}],"collection":[{"href":"https:\/\/capacitacionespecializada.com\/index.php?rest_route=\/wp\/v2\/pages"}],"about":[{"href":"https:\/\/capacitacionespecializada.com\/index.php?rest_route=\/wp\/v2\/types\/page"}],"author":[{"embeddable":true,"href":"https:\/\/capacitacionespecializada.com\/index.php?rest_route=\/wp\/v2\/users\/1"}],"replies":[{"embeddable":true,"href":"https:\/\/capacitacionespecializada.com\/index.php?rest_route=%2Fwp%2Fv2%2Fcomments&post=562"}],"version-history":[{"count":13,"href":"https:\/\/capacitacionespecializada.com\/index.php?rest_route=\/wp\/v2\/pages\/562\/revisions"}],"predecessor-version":[{"id":657,"href":"https:\/\/capacitacionespecializada.com\/index.php?rest_route=\/wp\/v2\/pages\/562\/revisions\/657"}],"wp:attachment":[{"href":"https:\/\/capacitacionespecializada.com\/index.php?rest_route=%2Fwp%2Fv2%2Fmedia&parent=562"}],"curies":[{"name":"wp","href":"https:\/\/api.w.org\/{rel}","templated":true}]}}